{"id":424,"date":"2019-04-23T09:48:26","date_gmt":"2019-04-23T09:48:26","guid":{"rendered":"https:\/\/microcast.eu\/?page_id=424"},"modified":"2021-12-09T11:45:00","modified_gmt":"2021-12-09T11:45:00","slug":"legal-advice","status":"publish","type":"page","link":"https:\/\/microcast.eu\/en\/legal-advice\/","title":{"rendered":"Aviso legal"},"content":{"rendered":"<div class=\"wpb-content-wrapper\"><p>[vc_row][vc_column width=&#8221;1\/1&#8243;][vc_custom_heading heading_semantic=&#8221;h1&#8243; text_size=&#8221;h1&#8243; uncode_shortcode_id=&#8221;859351&#8243;]Legal Advice<br \/>\n[\/vc_custom_heading][vc_column_text uncode_shortcode_id=&#8221;121880&#8243;]<\/p>\n<h2 class=\"tit2\">Informaci\u00f3n general sobre Microcast<\/h2>\n<p>El presente Sitio Web, es titularidad de <strong>MICROCAST Europe, S.L.<\/strong>, calle Paduleta, 45, 01015 Vitoria-Gasteiz y CIF B01149038.<\/p>\n<p>Al usar este sitio web, as\u00ed como cualesquiera subdominios, microsites y\/o subapartados contenidos en este, se entender\u00e1 que usted ha le\u00eddo, entendido y aceptado, sin limitaci\u00f3n ni reserva alguna, las condiciones de uso recogidas en este Aviso Legal as\u00ed como la Pol\u00edtica de Privacidad que est\u00e1 a su disposici\u00f3n en este mismo sitio web y cuya lectura le recomendamos expresamente, constituyendo el uso del mismo la expresa y plena aceptaci\u00f3n tanto del Aviso Legal como Pol\u00edtica de Privacidad en la versi\u00f3n que se encuentre publicada en el momento de acceso, sin perjuicio de las condiciones o t\u00e9rminos de uso espec\u00edficos que pudieran aplicarse respecto algunos servicios concretos del sitio web, cuya aceptaci\u00f3n previa, ser\u00e1 requisito indispensable para acceder a dichos servicios.<\/p>\n<p>Si no est\u00e1 conforme con los t\u00e9rminos de este Aviso Legal, rogamos no haga uso del sitio web, porque el uso del mismo, reiteramos, implicar\u00e1 la aceptaci\u00f3n de los t\u00e9rminos legales recogidos tanto en el Aviso Legal como en la Pol\u00edtica de Privacidad.<\/p>\n<p>MICROCAST Europe, S.L. se reserva el derecho de modificar los t\u00e9rminos y condiciones que aparecen en este sitio web as\u00ed como ampliar contenidos, informaciones, etc, en cualquier momento y sin previo aviso y, por tanto, aconseja su consulta con una periodicidad razonable por si se producen cambios en los mismos.<\/p>\n<p class=\"tit2\">Idioma<\/p>\n<p>En caso de que traduzcamos este Aviso Legal, nuestra Pol\u00edtica de privacidad, o cualesquiera otras normas de uso, pol\u00edticas y procedimientos que pudieran publicarse cada cierto tiempo en este sitio web, si existe discrepancia entre la versi\u00f3n en espa\u00f1ol y una versi\u00f3n traducida, prevalecer\u00e1 la versi\u00f3n en espa\u00f1ol.<\/p>\n<p class=\"tit2\">Comunicaciones comerciales y contenidos publicitarios<\/p>\n<p>MICROCAST Europe, S.L. informa a los usuarios que conforme a la Ley 34\/2002, de 11 de julio, de Servicios de la Sociedad de la Informaci\u00f3n y de Comercio Electr\u00f3nico, proceder\u00e1 a enviarle informaci\u00f3n por e-mail sobre los productos, servicios y actividades de la empresa. Si no desea recibir comunicaciones electr\u00f3nicas sobre nuestros productos, servicios y actividades rogamos nos remita un e-mail en tal sentido a <a href=\"mailto:info@microcast.eu\">info@microcast.eu<\/a>.<\/p>\n<p class=\"tit2\">Derechos de propiedad intelectual y\/o industrial<\/p>\n<p>El titular del contenido y de los elementos que conforman el presente sitio web es MICROCAST Europe, S.L. perteneci\u00e9ndole en consecuencia la propiedad intelectual e industrial del mismo y en particular de todos los c\u00f3digos fuente, textos, im\u00e1genes, dise\u00f1o, logos, programas inform\u00e1ticos, animaciones, bases de datos, marcas, nombre comercial o signo distintivo, sonidos y dem\u00e1s elementos gr\u00e1ficos o sonoros de las p\u00e1ginas del sitio web. Esta enumeraci\u00f3n no constituye un listado cerrado sino ejemplificativo y dichos elementos se encuentran debidamente protegidos de conformidad con la normativa espa\u00f1ola e internacional sobre Propiedad Intelectual e Industrial.<\/p>\n<p>El Usuario se obliga a usar los contenidos de forma diligente y correcta, de acuerdo a la ley, la moral y el orden p\u00fablico. MICROCAST Europe, S.L. autoriza al Usuario para visualizar la informaci\u00f3n que se contiene en este sitio web, as\u00ed como para efectuar reproducciones privadas (simple actividad de descarga y almacenamiento en sus sistemas inform\u00e1ticos), siempre y cuando los elementos sean destinados \u00fanicamente al uso personal, as\u00ed como su utilizaci\u00f3n exclusivamente con fines period\u00edsticos, siempre que, en ambos casos, se respete la integridad del mismo y se identifique que la fuente originaria ha sido el presente Sitio Web perteneciente a MICROCAST Europe, S.L., quedando prohibido de manera expresa cualquier tipo de utilizaci\u00f3n sesgada y contraria a su naturaleza.<\/p>\n<p>Se proh\u00edbe, fuera de las finalidades establecidas expresamente en el p\u00e1rrafo anterior, la utilizaci\u00f3n del contenido del sitio web, y su distribuci\u00f3n, modificaci\u00f3n, cesi\u00f3n a terceros, as\u00ed como la reproducci\u00f3n, transformaci\u00f3n o comunicaci\u00f3n p\u00fablica, mediante cualquier medio y tecnolog\u00eda, requiri\u00e9ndose para ello el consentimiento previo y expreso de MICROCAST Europe, S.L. constituyendo cualquier actuaci\u00f3n contraria al presente texto una vulneraci\u00f3n de la normativa en materia de derechos de propiedad industrial e intelectual.<\/p>\n<p>Se permite no obstante, la utilizaci\u00f3n de este sitio web siempre y cuando se respete la integridad del mismo y se identifiquen que la fuente originaria ha sido el presente sitio web perteneciente a MICROCAST Europe, S.L., quedando prohibido de manera expresa cualquier tipo de utilizaci\u00f3n sesgada y contraria a su naturaleza.<\/p>\n<p>MICROCAST Europe, S.L. se reserva el ejercicio de las acciones legales oportunas en defensa de sus derechos.<\/p>\n<p class=\"tit2\">Contrase\u00f1as y zona privada<\/p>\n<p>En los supuestos en que proceda a remit\u00edrsele una contrase\u00f1a de acceso a determinados servicios, el USUARIO deber\u00e1 mantenerla bajo su exclusiva responsabilidad en la m\u00e1s estricta y absoluta confidencialidad y secreto, deber\u00e1 proceder a su custodia, uso y preservaci\u00f3n de manera diligente, prohibi\u00e9ndose de manera expresa la cesi\u00f3n de la misma a terceros, resultando responsabilidad del USUARIO y por lo tanto a \u00e9l imputable las consecuencias perjudiciales que pudieran originarse tanto para el titular del Sitio Web como para el resto de USUARIOS. En caso de robo, p\u00e9rdida o uso o acceso no autorizado de la contrase\u00f1a, el USUARIO deber\u00e1 proceder a comunicarlo de forma inmediata a MICROCAST Europe, S.L. para la adopci\u00f3n de las medidas oportunas, siendo responsabilidad del USUARIO los da\u00f1os que se pudieran irrogar tanto a MICROCAST Europe, S.L., como a otros USUARIOS, como consecuencia de una tard\u00eda comunicaci\u00f3n.<\/p>\n<p>MICROCAST Europe, S.L. no ser\u00e1 responsable en ning\u00fan caso de las incidencias que puedan surgir en torno a los datos personales cuando se deriven bien de un ataque o acceso no autorizado a los sistemas de tal forma que sea imposible de detectar por las medidas de seguridad implantadas, bien cuando se deba a una falta de diligencia del usuario registrado en cuanto a la guardia y custodia de sus claves de acceso o de sus propios datos personales.<\/p>\n<p>Para acceder a la zona privada de este sitio web es necesario haberse registrado como usuario, para lo que se te solicitar\u00e1 informaci\u00f3n b\u00e1sica y necesaria para crear tu perfil en la zona privada. Una vez hayas completado el formulario de registro, podremos verificar tu identidad para activar tu perfil.<\/p>\n<p class=\"tit2\">Responsabilidad<\/p>\n<p>El inter\u00e9s de MICROCAST Europe, S.L. es el de que este sitio web funcione con la m\u00e1xima eficacia y cumpla la finalidad para la que ha sido creado pero no se responsabiliza de los eventuales errores tipogr\u00e1ficos, formales o num\u00e9ricos que pueda contener el sitio web, ni de la exactitud de la informaci\u00f3n contenida en \u00e9l, ni de posibles disfunciones o anomal\u00edas en su funcionamiento.<\/p>\n<p>MICROCAST Europe, S.L. no garantiza que el sitio web y el servidor est\u00e9n libres de virus y no se hace responsable de los da\u00f1os causados por el acceso al sitio web o por la imposibilidad de acceder al mismo.<\/p>\n<p>MICROCAST Europe, S.L. se reserva el derecho de modificar los t\u00e9rminos y condiciones que aparecen en este sitio web as\u00ed como ampliar contenidos, informaciones, etc, en cualquier momento y sin previo aviso y, por tanto, aconseja su consulta con una periodicidad razonable por si se producen cambios en los mismos. Vd. deber\u00e1 leer y los nuevos avisos legales y condiciones de uso del sitio web que se pudieran incorporar. En caso contrario, deber\u00e1 abstenerse de su utilizaci\u00f3n y acceso, declinando toda responsabilidad MICROCAST Europe, S.L. que se reserva el derecho de suspender y terminar el acceso a los contenidos del Sitio Web, as\u00ed como de los servicios prestados desde el mismo.<\/p>\n<p class=\"tit2\">Links e hiperenlaces<\/p>\n<p>Los sitios web propiedad de MICROCAST Europe, S.L. pueden facilitar el enlace o el acceso a otros recursos o sitios web de terceros, que consideramos puedan ser de su inter\u00e9s o son necesarios para la prestaci\u00f3n de algunos de los servicios de nuestros sitios web, pero en ning\u00fan caso dichos sitios web son controlados por nosotros.<\/p>\n<p>El objetivo de dichos enlaces puede ser, facilitar la b\u00fasqueda de los recursos que le puedan interesar a trav\u00e9s de Internet.<\/p>\n<p>No obstante, dichas p\u00e1ginas no le pertenecen a MICROCAST Europe, S.L., ni hace una revisi\u00f3n de sus contenidos y, por ello, no puede hacerse responsable de los mismos, ni de los servicios en su caso prestados, que aparezcan y\/o est\u00e9n disponibles en dichos sitios, del funcionamiento de la p\u00e1gina enlazada, del uso y tratamiento de datos que \u00e9stas puedan hacer, de las posibles infracciones que, en su caso, puedan cometer o de los posibles da\u00f1os que puedan derivarse del acceso o uso de la misma, no implicando la existencia del enlace relaci\u00f3n alguna entre la MICROCAST Europe, S.L. y las personas o entidades titulares de tales contenidos o de los sitios donde se encuentren.<\/p>\n<p>Recomendamos encarecidamente leer los correspondientes avisos legales y, muy especialmente, las pol\u00edticas de privacidad de dichas p\u00e1ginas antes de introducir sus datos personales en las mismas y en caso de duda le recomendamos que se ponga en contacto directamente con dichos sitios para obtener m\u00e1s informaci\u00f3n sobre sus pol\u00edticas de privacidad.<\/p>\n<p>Al utilizar este sitio web, consideramos que el usuario ha le\u00eddo este documento cuidadosamente y que ha entendido y seguido sus consejos. En caso de que el usuario no est\u00e9 de acuerdo con esta pol\u00edtica de protecci\u00f3n de datos o con los consejos que a trav\u00e9s de la misma se dan, por favor no utilice nuestra p\u00e1gina web.<\/p>\n<p class=\"tit2\">Jurisdicci\u00f3n y competencia<\/p>\n<p>En el supuesto de conflicto o disputa respecto a la interpretaci\u00f3n de las presentes condiciones, as\u00ed como sobre cualquier extremo relacionado con los servicios del presente Sitio Web la Jurisdicci\u00f3n y Normativa aplicable ser\u00e1 la espa\u00f1ola, mientras que los Tribunales competentes ser\u00e1n los de Vitoria.<\/p>\n<p>[\/vc_column_text][\/vc_column][\/vc_row]<\/p>\n<\/div>","protected":false},"excerpt":{"rendered":"<p>[vc_row][vc_column width=&#8221;1\/1&#8243;][vc_custom_heading heading_semantic=&#8221;h1&#8243; text_size=&#8221;h1&#8243; uncode_shortcode_id=&#8221;859351&#8243;]Legal Advice [\/vc_custom_heading][vc_column_text uncode_shortcode_id=&#8221;121880&#8243;] Informaci\u00f3n general sobre Microcast El presente Sitio Web, es titularidad de MICROCAST [&hellip;]<\/p>\n","protected":false},"author":1,"featured_media":0,"parent":0,"menu_order":0,"comment_status":"closed","ping_status":"closed","template":"","meta":{"footnotes":""},"class_list":["post-424","page","type-page","status-publish","hentry"],"yoast_head":"<!-- This site is optimized with the Yoast SEO plugin v24.6 - https:\/\/yoast.com\/wordpress\/plugins\/seo\/ -->\n<title>Aviso legal - Microcast<\/title>\n<meta name=\"robots\" content=\"index, follow, max-snippet:-1, max-image-preview:large, max-video-preview:-1\" \/>\n<link rel=\"canonical\" href=\"https:\/\/microcast.eu\/en\/legal-advice\/\" \/>\n<meta property=\"og:locale\" content=\"en_US\" \/>\n<meta property=\"og:type\" content=\"article\" \/>\n<meta property=\"og:title\" content=\"Aviso legal - Microcast\" \/>\n<meta property=\"og:description\" content=\"[vc_row][vc_column width=&#8221;1\/1&#8243;][vc_custom_heading heading_semantic=&#8221;h1&#8243; text_size=&#8221;h1&#8243; uncode_shortcode_id=&#8221;859351&#8243;]Legal Advice [\/vc_custom_heading][vc_column_text uncode_shortcode_id=&#8221;121880&#8243;] Informaci\u00f3n general sobre Microcast El presente Sitio Web, es titularidad de MICROCAST [&hellip;]\" \/>\n<meta property=\"og:url\" content=\"https:\/\/microcast.eu\/en\/legal-advice\/\" \/>\n<meta property=\"og:site_name\" content=\"Microcast\" \/>\n<meta property=\"article:modified_time\" content=\"2021-12-09T11:45:00+00:00\" \/>\n<meta name=\"twitter:card\" content=\"summary_large_image\" \/>\n<meta name=\"twitter:label1\" content=\"Est. reading time\" \/>\n\t<meta name=\"twitter:data1\" content=\"9 minutes\" \/>\n<script type=\"application\/ld+json\" class=\"yoast-schema-graph\">{\"@context\":\"https:\/\/schema.org\",\"@graph\":[{\"@type\":\"WebPage\",\"@id\":\"https:\/\/microcast.eu\/en\/legal-advice\/\",\"url\":\"https:\/\/microcast.eu\/en\/legal-advice\/\",\"name\":\"Aviso legal - Microcast\",\"isPartOf\":{\"@id\":\"https:\/\/microcast.eu\/#website\"},\"datePublished\":\"2019-04-23T09:48:26+00:00\",\"dateModified\":\"2021-12-09T11:45:00+00:00\",\"breadcrumb\":{\"@id\":\"https:\/\/microcast.eu\/en\/legal-advice\/#breadcrumb\"},\"inLanguage\":\"en-US\",\"potentialAction\":[{\"@type\":\"ReadAction\",\"target\":[\"https:\/\/microcast.eu\/en\/legal-advice\/\"]}]},{\"@type\":\"BreadcrumbList\",\"@id\":\"https:\/\/microcast.eu\/en\/legal-advice\/#breadcrumb\",\"itemListElement\":[{\"@type\":\"ListItem\",\"position\":1,\"name\":\"Portada\",\"item\":\"https:\/\/microcast.eu\/en\/\"},{\"@type\":\"ListItem\",\"position\":2,\"name\":\"Aviso legal\"}]},{\"@type\":\"WebSite\",\"@id\":\"https:\/\/microcast.eu\/#website\",\"url\":\"https:\/\/microcast.eu\/\",\"name\":\"Microcast\",\"description\":\"\",\"potentialAction\":[{\"@type\":\"SearchAction\",\"target\":{\"@type\":\"EntryPoint\",\"urlTemplate\":\"https:\/\/microcast.eu\/?s={search_term_string}\"},\"query-input\":{\"@type\":\"PropertyValueSpecification\",\"valueRequired\":true,\"valueName\":\"search_term_string\"}}],\"inLanguage\":\"en-US\"}]}<\/script>\n<!-- \/ Yoast SEO plugin. -->","yoast_head_json":{"title":"Aviso legal - Microcast","robots":{"index":"index","follow":"follow","max-snippet":"max-snippet:-1","max-image-preview":"max-image-preview:large","max-video-preview":"max-video-preview:-1"},"canonical":"https:\/\/microcast.eu\/en\/legal-advice\/","og_locale":"en_US","og_type":"article","og_title":"Aviso legal - Microcast","og_description":"[vc_row][vc_column width=&#8221;1\/1&#8243;][vc_custom_heading heading_semantic=&#8221;h1&#8243; text_size=&#8221;h1&#8243; uncode_shortcode_id=&#8221;859351&#8243;]Legal Advice [\/vc_custom_heading][vc_column_text uncode_shortcode_id=&#8221;121880&#8243;] Informaci\u00f3n general sobre Microcast El presente Sitio Web, es titularidad de MICROCAST [&hellip;]","og_url":"https:\/\/microcast.eu\/en\/legal-advice\/","og_site_name":"Microcast","article_modified_time":"2021-12-09T11:45:00+00:00","twitter_card":"summary_large_image","twitter_misc":{"Est. reading time":"9 minutes"},"schema":{"@context":"https:\/\/schema.org","@graph":[{"@type":"WebPage","@id":"https:\/\/microcast.eu\/en\/legal-advice\/","url":"https:\/\/microcast.eu\/en\/legal-advice\/","name":"Aviso legal - Microcast","isPartOf":{"@id":"https:\/\/microcast.eu\/#website"},"datePublished":"2019-04-23T09:48:26+00:00","dateModified":"2021-12-09T11:45:00+00:00","breadcrumb":{"@id":"https:\/\/microcast.eu\/en\/legal-advice\/#breadcrumb"},"inLanguage":"en-US","potentialAction":[{"@type":"ReadAction","target":["https:\/\/microcast.eu\/en\/legal-advice\/"]}]},{"@type":"BreadcrumbList","@id":"https:\/\/microcast.eu\/en\/legal-advice\/#breadcrumb","itemListElement":[{"@type":"ListItem","position":1,"name":"Portada","item":"https:\/\/microcast.eu\/en\/"},{"@type":"ListItem","position":2,"name":"Aviso legal"}]},{"@type":"WebSite","@id":"https:\/\/microcast.eu\/#website","url":"https:\/\/microcast.eu\/","name":"Microcast","description":"","potentialAction":[{"@type":"SearchAction","target":{"@type":"EntryPoint","urlTemplate":"https:\/\/microcast.eu\/?s={search_term_string}"},"query-input":{"@type":"PropertyValueSpecification","valueRequired":true,"valueName":"search_term_string"}}],"inLanguage":"en-US"}]}},"_links":{"self":[{"href":"https:\/\/microcast.eu\/en\/wp-json\/wp\/v2\/pages\/424","targetHints":{"allow":["GET"]}}],"collection":[{"href":"https:\/\/microcast.eu\/en\/wp-json\/wp\/v2\/pages"}],"about":[{"href":"https:\/\/microcast.eu\/en\/wp-json\/wp\/v2\/types\/page"}],"author":[{"embeddable":true,"href":"https:\/\/microcast.eu\/en\/wp-json\/wp\/v2\/users\/1"}],"replies":[{"embeddable":true,"href":"https:\/\/microcast.eu\/en\/wp-json\/wp\/v2\/comments?post=424"}],"version-history":[{"count":0,"href":"https:\/\/microcast.eu\/en\/wp-json\/wp\/v2\/pages\/424\/revisions"}],"wp:attachment":[{"href":"https:\/\/microcast.eu\/en\/wp-json\/wp\/v2\/media?parent=424"}],"curies":[{"name":"wp","href":"https:\/\/api.w.org\/{rel}","templated":true}]}}