{"id":433,"date":"2019-04-23T15:50:53","date_gmt":"2019-04-23T15:50:53","guid":{"rendered":"https:\/\/microcast.eu\/?page_id=433"},"modified":"2021-12-09T11:49:04","modified_gmt":"2021-12-09T11:49:04","slug":"privacy-policy","status":"publish","type":"page","link":"https:\/\/microcast.eu\/en\/privacy-policy\/","title":{"rendered":"Privacy policy"},"content":{"rendered":"<div class=\"wpb-content-wrapper\"><p>[vc_row][vc_column width=&#8221;1\/1&#8243;][vc_custom_heading heading_semantic=&#8221;h1&#8243; text_size=&#8221;h1&#8243;]Privacy policy[\/vc_custom_heading][vc_column_text uncode_shortcode_id=&#8221;542496&#8243;]<\/p>\n<p>En MICROCAST Europe, S.L. estamos comprometidos con la protecci\u00f3n de la privacidad y el uso correcto de los datos personales que tratamos y que nos facilites, tanto on line en este sitio web y, en su caso, cualquiera de sus subdominios, microsites, como off-line.<\/p>\n<p>Por favor, lee atentamente esta pol\u00edtica y aseg\u00farate de que la entiendes y est\u00e1s de acuerdo con ella, antes de facilitarnos tus datos personales. Si no est\u00e1s de acuerdo con la misma, no utilices este sitio web o sus servicios ni nos facilites tus datos. El hecho de acceder a este sitio, usar cualquiera de sus servicios o facilitarnos tus datos, bien sea on line u off line, lo entenderemos como una clara acci\u00f3n afirmativa por la que nos das tu consentimiento (cuando sea necesario el mismo) para tratar tus datos para las finalidades que luego se indican.<\/p>\n<p class=\"tit2\">1 &#8211; \u00bfQui\u00e9n es el responsable del tratamiento de tus datos?<\/p>\n<p><strong>MICROCAST Europe, S.L. <\/strong><br \/>Direcci\u00f3n postal: Paduleta 45<br \/>01015, Vitoria-Gasteiz (\u00c1lava)<br \/>Correo electr\u00f3nico: info@microcast.eu<\/p>\n<p class=\"tit2\">2 &#8211; \u00bfC\u00f3mo hemos obtenido tus datos?<\/p>\n<p>Si ya eres cliente, nos los has facilitado t\u00fa, bien sea off-line u on-line al solicitar nuestros servicios para poder mantener la relaci\u00f3n contractual contigo.<\/p>\n<p>Si los datos nos los has aportado a trav\u00e9s de este sitio web o cualquiera de sus subdominios, microsites, recopilamos informaci\u00f3n, por ejemplo, cuando accedes a la p\u00e1gina, cuando te registras como usuario, rellenas cualquier formulario con datos personales o cuando te comunicas con nosotros directamente por correo electr\u00f3nico.<\/p>\n<p>Cuando nos facilitas tus datos personales, garantizas que est\u00e1s habilitado para facilitar esta informaci\u00f3n y que la informaci\u00f3n es cierta, veraz, exacta y actualizada, que no es confidencial, que no viola ninguna restricci\u00f3n contractual o derechos de terceros y te comprometes a no suplantar a otros Usuarios utilizando sus datos de registro a los distintos servicios y\/o contenidos del Sitio Web.<\/p>\n<p>Tienes la responsabilidad de mantener tus datos correctos y actualizados, declinando toda responsabilidad MICROCAST Europe, S.L. en caso de no hacerlo.<\/p>\n<p class=\"tit2\">3 &#8211; \u00bfPara qu\u00e9 tratamos tus datos?<\/p>\n<p>Los datos que nos facilitas, as\u00ed como cualesquiera otros generados durante el desarrollo de la relaci\u00f3n contractual, comercial o de otro tipo que mantengamos contigo, los podemos tratar para distintas finalidades, por ejemplo:<\/p>\n<ul class=\"nodec\">\n<li>a) Si eres cliente actual o potencial, para gestionar la relaci\u00f3n contractual y\/0 comercial con clientes actuales y\/o potenciales y proveedores, incluidos servicios de postventa y garant\u00eda, la gesti\u00f3n y facturaci\u00f3n de los servicios prestados\/solicitados.<\/li>\n<li>b) Si eres un mero usuario de nuestros sitios web, para gestionar las peticiones que nos realices on line.<\/li>\n<li>c) En ambos casos para mantener el contacto y la comunicaci\u00f3n contigo y remitirte informaci\u00f3n sobre nuestras actividades, productos y\/o servicios (incluidas comunicaciones publicitarias y\/o comerciales a los efectos del art. 21 LSSICE 34\/2002)<\/li>\n<\/ul>\n<p class=\"tit2\">4 &#8211; \u00bfDurante cu\u00e1nto tiempo conservaremos tus datos?<\/p>\n<p>Los datos personales que nos facilites los conservaremos, en el caso de clientes y proveedores actuales o potenciales, mientras se mantenga la relaci\u00f3n contractual o comercial y, una vez concluidas \u00e9stas, durante los a\u00f1os necesarios para cumplir con las obligaciones legales y\/0 durante los plazos legales previstos para la prescripci\u00f3n de cualesquiera responsabilidades por nuestra parte e, incluso trascurridos esos plazos, mientras no solicites su supresi\u00f3n; y si eres un mero usuario de la p\u00e1gina web, mientras no nos solicites su supresi\u00f3n )<\/p>\n<p class=\"tit2\">5 &#8211; \u00bfCu\u00e1l es la legitimaci\u00f3n para el tratamiento de tus datos?<\/p>\n<p>La base jur\u00eddica que nos legitima para el tratamiento de tus datos es la relaci\u00f3n derivada del contrato que nos une si eres cliente\/proveedor actual, o la oferta, presupuesto, solicitud o relaci\u00f3n precontractual de cualquier tipo existente entre las partes si eres un cliente potencial, o, por ejemplo, tu consentimiento si nos has realizado una solicitud a trav\u00e9s de nuestra p\u00e1gina web en el caso de ser un mero usuario de la misma. Dicho consentimiento nos lo otorgas de forma inequ\u00edvoca al facilitarnos tus datos on line u off line, consider\u00e1ndose dicha aportaci\u00f3n un acto afirmativo claro que manifiesta dicho consentimiento.<\/p>\n<p>La aportaci\u00f3n de los datos solicitados es obligatoria por ser imprescindibles para las finalidades antes indicadas; si no los facilitas, no podremos llevarlas a cabo.<\/p>\n<p>Dada la relaci\u00f3n, pertinente y apropiada, que mantienes con nosotros como cliente\/proveedor actual o potencial, usuario de nuestra web \u2026, tenemos un inter\u00e9s leg\u00edtimo, en tratar tus datos para, dentro del mantenimiento y gesti\u00f3n de la misma, para poder enviarte informaci\u00f3n sobre nuestras actividades, productos y servicios, (incluidas comunicaciones publicitarias y\/o comerciales a los efectos del art. 21 LSSICE 34\/2002)<\/p>\n<p>Esta finalidad es compatible con la finalidad inicial para la que recogimos tus datos (gestionar el contacto y la comunicaci\u00f3n contigo y mantener la relaci\u00f3n que nos une) pero, en todo caso, la aportaci\u00f3n de tus datos para este fin que acabamos de citar, derivado de nuestro inter\u00e9s leg\u00edtimo, es siempre voluntaria y siempre prevalecer\u00e1n, sobre nuestro inter\u00e9s leg\u00edtimo, tus intereses, derechos o libertades, por lo que si nos solicitas que suprimamos y dejemos de tratar tus datos para estas finalidades (remiti\u00e9ndonos un e-mail en tal sentido a <a href=\"mailto:info@microcast.eu\">info@microcast.eu<\/a>) as\u00ed lo haremos, pudiendo mantenerlos bloqueados para la formulaci\u00f3n, ejercicio o defensa de reclamaciones. Dicha retirada no condiciona el tratamiento de tus datos para el resto de finalidades descritas.<\/p>\n<p class=\"tit2\">6 &#8211; \u00bfA qu\u00e9 destinatarios podremos comunicar tus datos?<\/p>\n<p>Te informamos que los datos que nos proporcionas podr\u00e1n ser comunicados a terceras entidades para el cumplimiento de fines directamente relacionados con funciones leg\u00edtimas de cedente y cesionario como:<\/p>\n<ul>\n<li>A entidades bancarias para la gesti\u00f3n de cobros y pagos<\/li>\n<li>A las entidades u organismos a los que exista obligaci\u00f3n legal de realizar comunicaciones de datos ( Administraci\u00f3n tributaria\u2026)<\/li>\n<\/ul>\n<p><strong>Transferencias Internacionales de Datos<\/strong><\/p>\n<p>Te informamos que, en caso de utilizar proveedores de fuera del espacio econ\u00f3mico europeo para prestarnos servicios auxiliares para nuestra actividad (alojamiento, copias de seguridad en remoto, servicios de soporte o mantenimiento inform\u00e1tico, gestor de correo electr\u00f3nico, env\u00edo de e-mails y e-mail marketing, etc \u2026) que puedan tener acceso a datos personales, elegiremos empresas adheridas al acuerdo Privacy Shield entre USA la UE, lo que quiere decir que se obligan a cumplir requisitos equivalentes a los Europeos en materia de protecci\u00f3n de datos. En todo caso, por la aceptaci\u00f3n de esta pol\u00edtica de protecci\u00f3n de datos autorizas expresa e inequ\u00edvocamente la comunicaci\u00f3n de los datos a dichas empresas, conociendo que ello supone una transferencia internacional de datos un pa\u00eds no perteneciente al Espacio Econ\u00f3mico Europeo y dando tu consentimiento inequ\u00edvoco a dicha transferencia.<\/p>\n<p class=\"tit2\">7 &#8211; \u00bfCu\u00e1les son tus derechos cuando nos facilitas tus datos?<\/p>\n<p><strong>Derecho de acceso:<\/strong> Puedes preguntarnos qu\u00e9 datos personales estamos tratando incluso solicitarnos una copia de los Mismos.<\/p>\n<p><strong>Derecho de rectificaci\u00f3n:<\/strong> Puedes solicitarnos la rectificaci\u00f3n de los datos personales inexactos o que completemos los que sean incompletos, inclusive mediante una declaraci\u00f3n adicional.<\/p>\n<p><strong>Derecho de supresi\u00f3n (derecho al olvido):<\/strong> Puedes solicitarnos la supresi\u00f3n de tus datos personales cuando: no sean necesarios para los fines para los que fueron recogidos, retires tu consentimiento, haya habido un tratamiento il\u00edcito de los mismos o por cumplimiento de una obligaci\u00f3n legal.<\/p>\n<p><strong>Derecho a la limitaci\u00f3n del tratamiento:<\/strong> Puedes solicitarnos la limitaci\u00f3n del tratamiento de tus datos, en cuyo caso \u00fanicamente los conservaremos para el ejercicio o la defensa de reclamaciones.<\/p>\n<p><strong>Derecho a la portabilidad de los datos:<\/strong> Puedes solicitarnos que te devolvamos (a ti o a un tercero que nos indiques) tus datos personales en un formato estructurado, de uso com\u00fan y lectura mec\u00e1nica.<\/p>\n<p><strong>Derecho de oposici\u00f3n:<\/strong> Puedes oponerte al tratamiento que se haga de tus datos si dicho tratamiento se base en el inter\u00e9s leg\u00edtimo del responsable del fichero o es para fines publicitarios.<\/p>\n<p>Para ejercer todos estos derechos puedes dirigirte a nosotros mediante solicitud escrita y firmada, adjuntando en todo caso copia de tu DNI, en la direcci\u00f3n postal o electr\u00f3nica indicadas en el apartado 2 de esta misma pol\u00edtica de privacidad. En caso de modificaci\u00f3n de tus datos deber\u00e1 notificarlo en la misma direcci\u00f3n, declinando toda responsabilidad para la empresa en caso de no hacerlo<\/p>\n<p>Una vez recibida cualquiera de las anteriores solicitudes te responderemos en un plazo m\u00e1ximo de 10 d\u00edas<\/p>\n<p>Puedes reclamar ante la Agencia Espa\u00f1ola de Protecci\u00f3n de Datos. Si deseas m\u00e1s informaci\u00f3n acerca de los derechos que puedes ejercitar y para la solicitud de modelos de formularios de ejercicio de derechos puedes visitar la p\u00e1gina web de la Agencia espa\u00f1ola de Protecci\u00f3n de Datos, <a href=\"https:\/\/www.agpd.es\" target=\"_blank\" rel=\"noopener noreferrer\">www.agpd.es<\/a>.<\/p>\n<p>[\/vc_column_text][\/vc_column][\/vc_row]<\/p>\n<\/div>","protected":false},"excerpt":{"rendered":"<p>[vc_row][vc_column width=&#8221;1\/1&#8243;][vc_custom_heading heading_semantic=&#8221;h1&#8243; text_size=&#8221;h1&#8243;]Privacy policy[\/vc_custom_heading][vc_column_text uncode_shortcode_id=&#8221;542496&#8243;] En MICROCAST Europe, S.L. estamos comprometidos con la protecci\u00f3n de la privacidad y el [&hellip;]<\/p>\n","protected":false},"author":1,"featured_media":0,"parent":0,"menu_order":0,"comment_status":"closed","ping_status":"closed","template":"","meta":{"footnotes":""},"class_list":["post-433","page","type-page","status-publish","hentry"],"yoast_head":"<!-- This site is optimized with the Yoast SEO plugin v24.6 - https:\/\/yoast.com\/wordpress\/plugins\/seo\/ -->\n<title>Privacy policy - Microcast<\/title>\n<meta name=\"robots\" content=\"index, follow, max-snippet:-1, max-image-preview:large, max-video-preview:-1\" \/>\n<link rel=\"canonical\" href=\"https:\/\/microcast.eu\/en\/privacy-policy\/\" \/>\n<meta property=\"og:locale\" content=\"en_US\" \/>\n<meta property=\"og:type\" content=\"article\" \/>\n<meta property=\"og:title\" content=\"Privacy policy - Microcast\" \/>\n<meta property=\"og:description\" content=\"[vc_row][vc_column width=&#8221;1\/1&#8243;][vc_custom_heading heading_semantic=&#8221;h1&#8243; text_size=&#8221;h1&#8243;]Privacy policy[\/vc_custom_heading][vc_column_text uncode_shortcode_id=&#8221;542496&#8243;] En MICROCAST Europe, S.L. estamos comprometidos con la protecci\u00f3n de la privacidad y el [&hellip;]\" \/>\n<meta property=\"og:url\" content=\"https:\/\/microcast.eu\/en\/privacy-policy\/\" \/>\n<meta property=\"og:site_name\" content=\"Microcast\" \/>\n<meta property=\"article:modified_time\" content=\"2021-12-09T11:49:04+00:00\" \/>\n<meta name=\"twitter:card\" content=\"summary_large_image\" \/>\n<meta name=\"twitter:label1\" content=\"Est. reading time\" \/>\n\t<meta name=\"twitter:data1\" content=\"8 minutes\" \/>\n<script type=\"application\/ld+json\" class=\"yoast-schema-graph\">{\"@context\":\"https:\/\/schema.org\",\"@graph\":[{\"@type\":\"WebPage\",\"@id\":\"https:\/\/microcast.eu\/en\/privacy-policy\/\",\"url\":\"https:\/\/microcast.eu\/en\/privacy-policy\/\",\"name\":\"Privacy policy - Microcast\",\"isPartOf\":{\"@id\":\"https:\/\/microcast.eu\/#website\"},\"datePublished\":\"2019-04-23T15:50:53+00:00\",\"dateModified\":\"2021-12-09T11:49:04+00:00\",\"breadcrumb\":{\"@id\":\"https:\/\/microcast.eu\/en\/privacy-policy\/#breadcrumb\"},\"inLanguage\":\"en-US\",\"potentialAction\":[{\"@type\":\"ReadAction\",\"target\":[\"https:\/\/microcast.eu\/en\/privacy-policy\/\"]}]},{\"@type\":\"BreadcrumbList\",\"@id\":\"https:\/\/microcast.eu\/en\/privacy-policy\/#breadcrumb\",\"itemListElement\":[{\"@type\":\"ListItem\",\"position\":1,\"name\":\"Portada\",\"item\":\"https:\/\/microcast.eu\/en\/\"},{\"@type\":\"ListItem\",\"position\":2,\"name\":\"Privacy policy\"}]},{\"@type\":\"WebSite\",\"@id\":\"https:\/\/microcast.eu\/#website\",\"url\":\"https:\/\/microcast.eu\/\",\"name\":\"Microcast\",\"description\":\"\",\"potentialAction\":[{\"@type\":\"SearchAction\",\"target\":{\"@type\":\"EntryPoint\",\"urlTemplate\":\"https:\/\/microcast.eu\/?s={search_term_string}\"},\"query-input\":{\"@type\":\"PropertyValueSpecification\",\"valueRequired\":true,\"valueName\":\"search_term_string\"}}],\"inLanguage\":\"en-US\"}]}<\/script>\n<!-- \/ Yoast SEO plugin. -->","yoast_head_json":{"title":"Privacy policy - Microcast","robots":{"index":"index","follow":"follow","max-snippet":"max-snippet:-1","max-image-preview":"max-image-preview:large","max-video-preview":"max-video-preview:-1"},"canonical":"https:\/\/microcast.eu\/en\/privacy-policy\/","og_locale":"en_US","og_type":"article","og_title":"Privacy policy - Microcast","og_description":"[vc_row][vc_column width=&#8221;1\/1&#8243;][vc_custom_heading heading_semantic=&#8221;h1&#8243; text_size=&#8221;h1&#8243;]Privacy policy[\/vc_custom_heading][vc_column_text uncode_shortcode_id=&#8221;542496&#8243;] En MICROCAST Europe, S.L. estamos comprometidos con la protecci\u00f3n de la privacidad y el [&hellip;]","og_url":"https:\/\/microcast.eu\/en\/privacy-policy\/","og_site_name":"Microcast","article_modified_time":"2021-12-09T11:49:04+00:00","twitter_card":"summary_large_image","twitter_misc":{"Est. reading time":"8 minutes"},"schema":{"@context":"https:\/\/schema.org","@graph":[{"@type":"WebPage","@id":"https:\/\/microcast.eu\/en\/privacy-policy\/","url":"https:\/\/microcast.eu\/en\/privacy-policy\/","name":"Privacy policy - Microcast","isPartOf":{"@id":"https:\/\/microcast.eu\/#website"},"datePublished":"2019-04-23T15:50:53+00:00","dateModified":"2021-12-09T11:49:04+00:00","breadcrumb":{"@id":"https:\/\/microcast.eu\/en\/privacy-policy\/#breadcrumb"},"inLanguage":"en-US","potentialAction":[{"@type":"ReadAction","target":["https:\/\/microcast.eu\/en\/privacy-policy\/"]}]},{"@type":"BreadcrumbList","@id":"https:\/\/microcast.eu\/en\/privacy-policy\/#breadcrumb","itemListElement":[{"@type":"ListItem","position":1,"name":"Portada","item":"https:\/\/microcast.eu\/en\/"},{"@type":"ListItem","position":2,"name":"Privacy policy"}]},{"@type":"WebSite","@id":"https:\/\/microcast.eu\/#website","url":"https:\/\/microcast.eu\/","name":"Microcast","description":"","potentialAction":[{"@type":"SearchAction","target":{"@type":"EntryPoint","urlTemplate":"https:\/\/microcast.eu\/?s={search_term_string}"},"query-input":{"@type":"PropertyValueSpecification","valueRequired":true,"valueName":"search_term_string"}}],"inLanguage":"en-US"}]}},"_links":{"self":[{"href":"https:\/\/microcast.eu\/en\/wp-json\/wp\/v2\/pages\/433","targetHints":{"allow":["GET"]}}],"collection":[{"href":"https:\/\/microcast.eu\/en\/wp-json\/wp\/v2\/pages"}],"about":[{"href":"https:\/\/microcast.eu\/en\/wp-json\/wp\/v2\/types\/page"}],"author":[{"embeddable":true,"href":"https:\/\/microcast.eu\/en\/wp-json\/wp\/v2\/users\/1"}],"replies":[{"embeddable":true,"href":"https:\/\/microcast.eu\/en\/wp-json\/wp\/v2\/comments?post=433"}],"version-history":[{"count":0,"href":"https:\/\/microcast.eu\/en\/wp-json\/wp\/v2\/pages\/433\/revisions"}],"wp:attachment":[{"href":"https:\/\/microcast.eu\/en\/wp-json\/wp\/v2\/media?parent=433"}],"curies":[{"name":"wp","href":"https:\/\/api.w.org\/{rel}","templated":true}]}}